{"id":595,"date":"2025-08-25T10:14:26","date_gmt":"2025-08-25T15:14:26","guid":{"rendered":"https:\/\/miradafinal.com\/?page_id=595"},"modified":"2025-08-25T10:20:26","modified_gmt":"2025-08-25T15:20:26","slug":"aviso-de-privacidad","status":"publish","type":"page","link":"https:\/\/miradafinal.com\/en\/aviso-de-privacidad\/","title":{"rendered":"Privacy Notice"},"content":{"rendered":"<pre class=\"wp-block-preformatted has-palette-color-4-color has-palette-color-5-background-color has-text-color has-background has-link-color wp-elements-9b5b46e863c8286d94267bac0aefe4c0\">AVISO DE PRIVACIDAD<br><br>Mirada Final, comercialmente conocido como Mirada Final, con domicilio en Playa del Carmen, es el responsable del uso y protecci\u00f3n de sus datos personales.<br><br>FINALIDADES PRIMARIAS<br>Los datos personales que recabamos de usted, los utilizaremos para las siguientes finalidades que son necesarias para el servicio que solicita:<br><br>\u2022 Respuesta a mensajes del formulario de contacto<br>\u2022 Prestaci\u00f3n de cualquier servicio solicitado<br><br>DATOS PERSONALES RECABADOS<br>Para las finalidades se\u00f1aladas en el presente aviso de privacidad, podemos recabar sus datos de identificaci\u00f3n y contacto.<br><br>DERECHOS ARCO<br>Usted tiene derecho a conocer qu\u00e9 datos personales tenemos de usted, para qu\u00e9 los utilizamos y las condiciones del uso que les damos (Acceso). Asimismo, es su derecho solicitar la correcci\u00f3n de su informaci\u00f3n personal en caso de que est\u00e9 desactualizada, sea inexacta o incompleta (Rectificaci\u00f3n); que la eliminemos de nuestros registros o bases de datos cuando considere que la misma no est\u00e1 siendo utilizada adecuadamente (Cancelaci\u00f3n); as\u00ed como oponerse al uso de sus datos personales para fines espec\u00edficos (Oposici\u00f3n). Estos derechos se conocen como derechos ARCO.<br><br>Para el ejercicio de cualquiera de los derechos ARCO, usted deber\u00e1 presentar la solicitud respectiva a trav\u00e9s de los medios especificados. La respuesta a su solicitud ser\u00e1 atendida en un plazo m\u00e1ximo de 15 d\u00edas h\u00e1biles.<br><br>DATOS RECABADOS POR EL SITIO WEB<br>Nuestro sitio web recaba autom\u00e1ticamente los siguientes datos:<br><br>\u2022 Idioma preferido por el usuario<br>\u2022 Regi\u00f3n en la que se encuentra el usuario<br><br>CONTACTO<br>Para m\u00e1s informaci\u00f3n sobre este aviso de privacidad, puede contactarnos en:<br><br>Correo electr\u00f3nico: info@miradafinal.com<br>Sitio web: https:\/\/www.miradafinal.com<br><br>\u00daltima actualizaci\u00f3n: 25\/8\/2025<\/pre>","protected":false},"excerpt":{"rendered":"<p>AVISO DE PRIVACIDADMirada Final, comercialmente conocido como Mirada Final, con domicilio en Playa del Carmen, es el responsable del uso y protecci\u00f3n de sus datos personales.FINALIDADES PRIMARIASLos datos personales que recabamos de usted, los utilizaremos para las siguientes finalidades que son necesarias para el servicio que solicita:\u2022 Respuesta a mensajes del formulario de contacto\u2022 Prestaci\u00f3n [&hellip;]<\/p>\n","protected":false},"author":1,"featured_media":0,"parent":0,"menu_order":0,"comment_status":"closed","ping_status":"closed","template":"","meta":{"footnotes":""},"class_list":["post-595","page","type-page","status-publish","hentry"],"blocksy_meta":[],"_links":{"self":[{"href":"https:\/\/miradafinal.com\/en\/wp-json\/wp\/v2\/pages\/595","targetHints":{"allow":["GET"]}}],"collection":[{"href":"https:\/\/miradafinal.com\/en\/wp-json\/wp\/v2\/pages"}],"about":[{"href":"https:\/\/miradafinal.com\/en\/wp-json\/wp\/v2\/types\/page"}],"author":[{"embeddable":true,"href":"https:\/\/miradafinal.com\/en\/wp-json\/wp\/v2\/users\/1"}],"replies":[{"embeddable":true,"href":"https:\/\/miradafinal.com\/en\/wp-json\/wp\/v2\/comments?post=595"}],"version-history":[{"count":2,"href":"https:\/\/miradafinal.com\/en\/wp-json\/wp\/v2\/pages\/595\/revisions"}],"predecessor-version":[{"id":599,"href":"https:\/\/miradafinal.com\/en\/wp-json\/wp\/v2\/pages\/595\/revisions\/599"}],"wp:attachment":[{"href":"https:\/\/miradafinal.com\/en\/wp-json\/wp\/v2\/media?parent=595"}],"curies":[{"name":"wp","href":"https:\/\/api.w.org\/{rel}","templated":true}]}}