{"id":673,"date":"2025-08-25T12:44:44","date_gmt":"2025-08-25T17:44:44","guid":{"rendered":"https:\/\/miradafinal.com\/?page_id=673"},"modified":"2025-08-28T15:31:40","modified_gmt":"2025-08-28T20:31:40","slug":"paquete-de-servicios","status":"publish","type":"page","link":"https:\/\/miradafinal.com\/en\/servicios\/paquete-de-servicios\/","title":{"rendered":"Service Packages"},"content":{"rendered":"<div class=\"wp-block-stackable-columns alignfull stk-block-columns stk-block stk-d237c83 stk-block-background stk--has-background-overlay\" data-block-id=\"d237c83\"><style>.stk-d237c83 {background-color:var(--theme-palette-color-5, #F2EFE7) !important;background-image:url(https:\/\/miradafinal.com\/wp-content\/uploads\/2025\/08\/Mesa-Bussiness-copia.webp) !important;padding-top:150px !important;padding-bottom:150px !important;margin-bottom:0px !important;}.stk-d237c83:before{background-color:var(--theme-palette-color-5, #F2EFE7) !important;opacity:0.8 !important;}@media screen and (max-width:999px){.stk-d237c83 {padding-top:150px !important;padding-bottom:100px !important;}}<\/style><div class=\"stk-row stk-inner-blocks stk-block-content stk-content-align stk-d237c83-column alignfull\">\n<div class=\"wp-block-stackable-column stk-block-column stk-column stk-block stk-db80a9e\" data-v=\"4\" data-block-id=\"db80a9e\"><style>.stk-db80a9e-container{margin-top:0px !important;margin-right:0px !important;margin-bottom:0px !important;margin-left:0px !important;}@media screen and (min-width:690px){.stk-db80a9e {flex:var(--stk-flex-grow, 1) 1 calc(100% - var(--stk-column-gap, 0px) * 0 \/ 1 ) !important;}}<\/style><div class=\"stk-column-wrapper stk-block-column__content stk-container stk-db80a9e-container stk--no-background stk--no-padding\"><div class=\"stk-block-content stk-inner-blocks stk-db80a9e-inner-blocks\">\n<div class=\"wp-block-stackable-heading stk-block-heading stk-block-heading--v2 stk-block stk-b04ed2c\" id=\"paquetes-de-servicios\" data-block-id=\"b04ed2c\"><style>.stk-b04ed2c .stk-block-heading__text{font-size:50px !important;color:var(--theme-palette-color-1, #CB602C) !important;text-transform:uppercase !important;}@media screen and (max-width:999px){.stk-b04ed2c .stk-block-heading__text{font-size:35px !important;}}@media screen and (max-width:689px){.stk-b04ed2c .stk-block-heading__text{font-size:30px !important;}}<\/style><h2 class=\"stk-block-heading__text has-text-color has-text-align-left has-text-align-center-mobile stk-block-heading--use-theme-margins\">Service Packages<\/h2><\/div>\n<\/div><\/div><\/div>\n<\/div><\/div>\n\n\n\n<div class=\"wp-block-stackable-spacer stk-block-spacer stk--no-padding stk-block stk-03199d8\" id=\"cursus-vitae-congue-mauris-rhoncus\" data-block-id=\"03199d8\"><style>.stk-03199d8 {height:50px !important;}@media screen and (max-width:999px){.stk-03199d8 {height:80px !important;}}@media screen and (max-width:689px){.stk-03199d8 {height:60px !important;}}<\/style><\/div>\n\n\n\n<p class=\"has-medium-font-size\"><strong><em>Explore our different Service Packages and choose the one that best fits your needs.<\/em><\/strong><\/p>\n\n\n\n<p class=\"has-medium-font-size\"><strong>LOUNGE KIT<\/strong>: <strong>Build your online reputation with clarity and confidence.<\/strong><br>Includes:<\/p>\n\n\n\n<ul class=\"wp-block-list\">\n<li class=\"has-medium-font-size\">Review Monitoring (Google, TripAdvisor, Facebook)<br>Clear summaries of what your customers are saying about you.<\/li>\n\n\n\n<li class=\"has-medium-font-size\">Responding to Positive Reviews<br>Carefully crafted responses written on your behalf or ours.<\/li>\n\n\n\n<li class=\"has-medium-font-size\">Online Presence Review (one-time)<br>Practical feedback to improve your website and social media.<\/li>\n\n\n\n<li class=\"has-medium-font-size\">Customer Sentiment Report<br>Analysis of what works and what needs attention.<\/li>\n\n\n\n<li class=\"has-medium-font-size\">Bonus: Feedback Form Design (one-time)<br>A printable form that makes giving feedback easy and fun.<\/li>\n\n\n\n<li class=\"has-medium-font-size\">Bonus: Photo and Video Session or 1 image ad for social media.<\/li>\n<\/ul>\n\n\n\n<div class=\"wp-block-stackable-button-group stk-block-button-group stk-block stk-22d091f\" data-block-id=\"22d091f\"><div class=\"stk-row stk-inner-blocks has-text-align-center stk-block-content stk-button-group\">\n<div class=\"wp-block-stackable-button stk-block-button stk-block stk-5cb88fc\" data-block-id=\"5cb88fc\"><style>.stk-5cb88fc {min-height:var(--stk--preset--block-height--none, 0px) !important;padding-top:var(--stk--preset--spacing--none, 0px) !important;padding-right:var(--stk--preset--spacing--none, 0px) !important;padding-bottom:var(--stk--preset--spacing--none, 0px) !important;padding-left:var(--stk--preset--spacing--none, 0px) !important;flex:1 0 var(--stk-button-group-flex-wrap, 0) !important;}.stk-5cb88fc , .stk-5cb88fc .stk-button{width:100% !important;}<\/style><a class=\"stk-link stk-button stk--hover-effect-darken\" href=\"\"><span class=\"stk-button__inner-text\">Get a Quote<\/span><\/a><\/div>\n<\/div><\/div>\n\n\n\n<p class=\"has-medium-font-size\"><strong>MAGNET: Improve the entire customer experience online and in-person.<br><\/strong>Includes everything in the Basic package, plus:<\/p>\n\n\n\n<ul class=\"wp-block-list has-medium-font-size\">\n<li>Mystery Shopper Visit (once a month)<br>Honest and detailed evaluation from the customer\u2019s perspective.<\/li>\n\n\n\n<li>Support in Responding to Complaints<br>We write respectful responses that protect your reputation.<\/li>\n\n\n\n<li>Local Engagement Strategy (one-time)<br>Creative ideas to attract and retain local diners.<\/li>\n\n\n\n<li>Content Production + Professional Ad (1 video and 2 images total)<br>Professional-quality visual content for your social media and website + online ads.<\/li>\n\n\n\n<li>Customer Testimonials (3 per visit)<br>Real voices, ideal for building online trust and providing team feedback.<\/li>\n<\/ul>\n\n\n\n<div class=\"wp-block-stackable-button-group stk-block-button-group stk-block stk-c1ca6a8\" data-block-id=\"c1ca6a8\"><div class=\"stk-row stk-inner-blocks has-text-align-center stk-block-content stk-button-group\">\n<div class=\"wp-block-stackable-button stk-block-button stk-block stk-2d176a4\" data-block-id=\"2d176a4\"><style>.stk-2d176a4 {min-height:var(--stk--preset--block-height--none, 0px) !important;padding-top:var(--stk--preset--spacing--none, 0px) !important;padding-right:var(--stk--preset--spacing--none, 0px) !important;padding-bottom:var(--stk--preset--spacing--none, 0px) !important;padding-left:var(--stk--preset--spacing--none, 0px) !important;flex:1 0 var(--stk-button-group-flex-wrap, 0) !important;}.stk-2d176a4 , .stk-2d176a4 .stk-button{width:100% !important;}<\/style><a class=\"stk-link stk-button stk--hover-effect-darken\" href=\"\"><span class=\"stk-button__inner-text\">Get a Quote<\/span><\/a><\/div>\n<\/div><\/div>\n\n\n\n<p class=\"has-medium-font-size\"><strong>PREMIUM: Maximum Visibility. Maximum Impact.<br><\/strong>Includes everything from Lounge Kit and Magnet, plus:<\/p>\n\n\n\n<ul class=\"wp-block-list has-medium-font-size\">\n<li>Extra Mystery Shopper Visit (2 total)<br>More perspectives from the customer\u2019s point of view.<\/li>\n\n\n\n<li>Staff Interviews (2 team members)<br>Highlight the heart of your brand.<\/li>\n\n\n\n<li>Content Production + Professional Ad (2 videos and 3 images total)<br>Professional-quality visual content for your social media and website + online ads.<\/li>\n\n\n\n<li>Double Customer Testimonials (3 per visit, 6 total)<br>Even more real opinions to tell a powerful story.<\/li>\n<\/ul>\n\n\n\n<div class=\"wp-block-stackable-button-group stk-block-button-group stk-block stk-c17e994\" data-block-id=\"c17e994\"><div class=\"stk-row stk-inner-blocks has-text-align-center stk-block-content stk-button-group\">\n<div class=\"wp-block-stackable-button stk-block-button stk-block stk-b802e55\" data-block-id=\"b802e55\"><style>.stk-b802e55 {min-height:var(--stk--preset--block-height--none, 0px) !important;padding-top:var(--stk--preset--spacing--none, 0px) !important;padding-right:var(--stk--preset--spacing--none, 0px) !important;padding-bottom:var(--stk--preset--spacing--none, 0px) !important;padding-left:var(--stk--preset--spacing--none, 0px) !important;flex:1 0 var(--stk-button-group-flex-wrap, 0) !important;}.stk-b802e55 , .stk-b802e55 .stk-button{width:100% !important;}<\/style><a class=\"stk-link stk-button stk--hover-effect-darken\" href=\"\"><span class=\"stk-button__inner-text\">Get a Quote<\/span><\/a><\/div>\n<\/div><\/div>","protected":false},"excerpt":{"rendered":"<p>Paquetes de Servicios Conoce nuestros distintos Paquetes de Servicios y selecciona el que m\u00e1s se adapte a tus necesidades. LOUNGE KIT: Construye tu reputaci\u00f3n en l\u00ednea con claridad y confianza.Qu\u00e9 incluye: Cotizar MAGNET: Mejora toda la experiencia del cliente en l\u00ednea y presencial.Incluye todo lo del paquete B\u00e1sico, m\u00e1s: Cotizar PREMIUM: M\u00e1xima Visibilidad. M\u00e1ximo Impacto.Incluye [&hellip;]<\/p>\n","protected":false},"author":1,"featured_media":0,"parent":10,"menu_order":0,"comment_status":"closed","ping_status":"closed","template":"","meta":{"footnotes":""},"class_list":["post-673","page","type-page","status-publish","hentry"],"blocksy_meta":[],"_links":{"self":[{"href":"https:\/\/miradafinal.com\/en\/wp-json\/wp\/v2\/pages\/673","targetHints":{"allow":["GET"]}}],"collection":[{"href":"https:\/\/miradafinal.com\/en\/wp-json\/wp\/v2\/pages"}],"about":[{"href":"https:\/\/miradafinal.com\/en\/wp-json\/wp\/v2\/types\/page"}],"author":[{"embeddable":true,"href":"https:\/\/miradafinal.com\/en\/wp-json\/wp\/v2\/users\/1"}],"replies":[{"embeddable":true,"href":"https:\/\/miradafinal.com\/en\/wp-json\/wp\/v2\/comments?post=673"}],"version-history":[{"count":10,"href":"https:\/\/miradafinal.com\/en\/wp-json\/wp\/v2\/pages\/673\/revisions"}],"predecessor-version":[{"id":797,"href":"https:\/\/miradafinal.com\/en\/wp-json\/wp\/v2\/pages\/673\/revisions\/797"}],"up":[{"embeddable":true,"href":"https:\/\/miradafinal.com\/en\/wp-json\/wp\/v2\/pages\/10"}],"wp:attachment":[{"href":"https:\/\/miradafinal.com\/en\/wp-json\/wp\/v2\/media?parent=673"}],"curies":[{"name":"wp","href":"https:\/\/api.w.org\/{rel}","templated":true}]}}