{"id":712,"date":"2025-08-25T13:25:00","date_gmt":"2025-08-25T18:25:00","guid":{"rendered":"https:\/\/miradafinal.com\/?page_id=712"},"modified":"2025-08-28T15:29:07","modified_gmt":"2025-08-28T20:29:07","slug":"experiencia-y-opiniones-de-clientes","status":"publish","type":"page","link":"https:\/\/miradafinal.com\/en\/servicios\/experiencia-y-opiniones-de-clientes\/","title":{"rendered":"Customer Experience and Reviews"},"content":{"rendered":"<div class=\"wp-block-stackable-columns alignfull stk-block-columns stk-block stk-d237c83 stk-block-background stk--has-background-overlay\" data-block-id=\"d237c83\"><style>.stk-d237c83 {background-color:var(--theme-palette-color-5, #F2EFE7) !important;background-image:url(https:\/\/miradafinal.com\/wp-content\/uploads\/2025\/08\/2149346511-copia.webp) !important;padding-top:150px !important;padding-bottom:150px !important;margin-bottom:0px !important;}.stk-d237c83:before{background-color:var(--theme-palette-color-5, #F2EFE7) !important;opacity:0.8 !important;}@media screen and (max-width:999px){.stk-d237c83 {padding-top:150px !important;padding-bottom:100px !important;}}<\/style><div class=\"stk-row stk-inner-blocks stk-block-content stk-content-align stk-d237c83-column alignfull\">\n<div class=\"wp-block-stackable-column stk-block-column stk-column stk-block stk-a65ac8e\" data-v=\"4\" data-block-id=\"a65ac8e\"><style>.stk-a65ac8e-container{margin-top:0px !important;margin-right:0px !important;margin-bottom:0px !important;margin-left:0px !important;}@media screen and (min-width:690px){.stk-a65ac8e {flex:var(--stk-flex-grow, 1) 1 calc(100% - var(--stk-column-gap, 0px) * 0 \/ 1 ) !important;}}<\/style><div class=\"stk-column-wrapper stk-block-column__content stk-container stk-a65ac8e-container stk--no-background stk--no-padding\"><div class=\"stk-block-content stk-inner-blocks stk-a65ac8e-inner-blocks\">\n<div class=\"wp-block-stackable-heading stk-block-heading stk-block-heading--v2 stk-block stk-9fc5633\" id=\"experiencia-y-opiniones-de-clientes\" data-block-id=\"9fc5633\"><style>.stk-9fc5633 .stk-block-heading__text{font-size:50px !important;color:var(--theme-palette-color-1, #CB602C) !important;text-transform:uppercase !important;}@media screen and (max-width:999px){.stk-9fc5633 .stk-block-heading__text{font-size:35px !important;}}@media screen and (max-width:689px){.stk-9fc5633 .stk-block-heading__text{font-size:30px !important;}}<\/style><h2 class=\"stk-block-heading__text has-text-color has-text-align-center-mobile stk-block-heading--use-theme-margins\">Customer Experience and Reviews<\/h2><\/div>\n<\/div><\/div><\/div>\n<\/div><\/div>\n\n\n\n<div class=\"wp-block-stackable-spacer stk-block-spacer stk--no-padding stk-block stk-03199d8\" id=\"cursus-vitae-congue-mauris-rhoncus\" data-block-id=\"03199d8\"><style>.stk-03199d8 {height:50px !important;}@media screen and (max-width:999px){.stk-03199d8 {height:80px !important;}}@media screen and (max-width:689px){.stk-03199d8 {height:60px !important;}}<\/style><\/div>\n\n\n\n<p class=\"has-medium-font-size\"><em><strong>Gather real insights and elevate your customers\u2019 experience with personalized feedback solutions.<\/strong><\/em><\/p>\n\n\n\n<p class=\"has-medium-font-size\"><strong>Customer Sentiment Report<br><\/strong>Organize and present real customer opinions to highlight strengths and areas for improvement.<\/p>\n\n\n\n<p class=\"has-medium-font-size\"><strong>Creative Feedback Presentation<br><\/strong>Professionally designed feedback forms that motivate customers to share honest opinions. Ideal for promoting your business with a professional and attractive image.<\/p>\n\n\n\n<p class=\"has-medium-font-size\"><strong>Mystery Shopper Visit<br><\/strong>Anonymous visits that provide detailed evaluations from the customer\u2019s perspective.<\/p>","protected":false},"excerpt":{"rendered":"<p>Experiencia y Opiniones de Clientes Obt\u00e9n informaci\u00f3n real y eleva la experiencia de tus clientes con soluciones personalizadas de retroalimentaci\u00f3n. Informe de Sentimiento del ClienteOrganiza y presenta opiniones reales de los clientes para destacar fortalezas y \u00e1reas de mejora. Presentaci\u00f3n Creativa de Retroalimentaci\u00f3nFormularios de retroalimentaci\u00f3n dise\u00f1ados profesionalmente que motivan a los clientes a compartir opiniones [&hellip;]<\/p>\n","protected":false},"author":1,"featured_media":0,"parent":10,"menu_order":0,"comment_status":"closed","ping_status":"closed","template":"","meta":{"footnotes":""},"class_list":["post-712","page","type-page","status-publish","hentry"],"blocksy_meta":[],"_links":{"self":[{"href":"https:\/\/miradafinal.com\/en\/wp-json\/wp\/v2\/pages\/712","targetHints":{"allow":["GET"]}}],"collection":[{"href":"https:\/\/miradafinal.com\/en\/wp-json\/wp\/v2\/pages"}],"about":[{"href":"https:\/\/miradafinal.com\/en\/wp-json\/wp\/v2\/types\/page"}],"author":[{"embeddable":true,"href":"https:\/\/miradafinal.com\/en\/wp-json\/wp\/v2\/users\/1"}],"replies":[{"embeddable":true,"href":"https:\/\/miradafinal.com\/en\/wp-json\/wp\/v2\/comments?post=712"}],"version-history":[{"count":3,"href":"https:\/\/miradafinal.com\/en\/wp-json\/wp\/v2\/pages\/712\/revisions"}],"predecessor-version":[{"id":795,"href":"https:\/\/miradafinal.com\/en\/wp-json\/wp\/v2\/pages\/712\/revisions\/795"}],"up":[{"embeddable":true,"href":"https:\/\/miradafinal.com\/en\/wp-json\/wp\/v2\/pages\/10"}],"wp:attachment":[{"href":"https:\/\/miradafinal.com\/en\/wp-json\/wp\/v2\/media?parent=712"}],"curies":[{"name":"wp","href":"https:\/\/api.w.org\/{rel}","templated":true}]}}