{"id":718,"date":"2025-08-25T13:26:42","date_gmt":"2025-08-25T18:26:42","guid":{"rendered":"https:\/\/miradafinal.com\/?page_id=718"},"modified":"2025-08-28T15:27:51","modified_gmt":"2025-08-28T20:27:51","slug":"compromiso-y-marketing","status":"publish","type":"page","link":"https:\/\/miradafinal.com\/en\/servicios\/compromiso-y-marketing\/","title":{"rendered":"Engagement and Marketing"},"content":{"rendered":"<div class=\"wp-block-stackable-columns alignfull stk-block-columns stk-block stk-d237c83 stk-block-background stk--has-background-overlay\" data-block-id=\"d237c83\"><style>.stk-d237c83 {background-color:var(--theme-palette-color-5, #F2EFE7) !important;background-image:url(https:\/\/miradafinal.com\/wp-content\/uploads\/2025\/08\/Blog-principal.webp) !important;padding-top:150px !important;padding-bottom:150px !important;margin-bottom:0px !important;}.stk-d237c83:before{background-color:var(--theme-palette-color-5, #F2EFE7) !important;opacity:0.8 !important;}@media screen and (max-width:999px){.stk-d237c83 {padding-top:150px !important;padding-bottom:100px !important;}}<\/style><div class=\"stk-row stk-inner-blocks stk-block-content stk-content-align stk-d237c83-column alignfull\">\n<div class=\"wp-block-stackable-column stk-block-column stk-column stk-block stk-587da59\" data-v=\"4\" data-block-id=\"587da59\"><style>.stk-587da59-container{margin-top:0px !important;margin-right:0px !important;margin-bottom:0px !important;margin-left:0px !important;}@media screen and (min-width:690px){.stk-587da59 {flex:var(--stk-flex-grow, 1) 1 calc(100% - var(--stk-column-gap, 0px) * 0 \/ 1 ) !important;}}<\/style><div class=\"stk-column-wrapper stk-block-column__content stk-container stk-587da59-container stk--no-background stk--no-padding\"><div class=\"stk-block-content stk-inner-blocks stk-587da59-inner-blocks\">\n<div class=\"wp-block-stackable-heading stk-block-heading stk-block-heading--v2 stk-block stk-a9b7675\" id=\"compromiso-y-marketing\" data-block-id=\"a9b7675\"><style>.stk-a9b7675 .stk-block-heading__text{font-size:50px !important;color:var(--theme-palette-color-1, #CB602C) !important;text-transform:uppercase !important;}@media screen and (max-width:999px){.stk-a9b7675 .stk-block-heading__text{font-size:35px !important;}}@media screen and (max-width:689px){.stk-a9b7675 .stk-block-heading__text{font-size:30px !important;}}<\/style><h2 class=\"stk-block-heading__text has-text-color has-text-align-center-mobile stk-block-heading--use-theme-margins\">Engagement and Marketing<\/h2><\/div>\n<\/div><\/div><\/div>\n<\/div><\/div>\n\n\n\n<div class=\"wp-block-stackable-spacer stk-block-spacer stk--no-padding stk-block stk-03199d8\" id=\"cursus-vitae-congue-mauris-rhoncus\" data-block-id=\"03199d8\"><style>.stk-03199d8 {height:50px !important;}@media screen and (max-width:999px){.stk-03199d8 {height:80px !important;}}@media screen and (max-width:689px){.stk-03199d8 {height:60px !important;}}<\/style><\/div>\n\n\n\n<p class=\"has-medium-font-size\"><em><strong>Attract and retain customers through smart strategies and local promotions.<\/strong><\/em><\/p>\n\n\n\n<p class=\"has-medium-font-size\"><strong>Complaint Management Support<br><\/strong>We develop empathetic and professional responses to effectively handle negative feedback.<\/p>\n\n\n\n<p class=\"has-medium-font-size\"><strong>Customer Engagement Strategy<br><\/strong>A creative, step-by-step plan to attract and keep local customers engaged. Ideal for promoting your business with a professional and attractive image.<\/p>","protected":false},"excerpt":{"rendered":"<p>Compromiso y Marketing Atrae y ret\u00e9n clientes mediante estrategias inteligentes y promociones locales. Soporte en Gesti\u00f3n de QuejasDesarrollamos respuestas emp\u00e1ticas y profesionales para manejar eficazmente los comentarios negativos. Estrategia de Compromiso con el ClienteUn plan creativo y paso a paso para atraer y mantener interesados a los clientes locales.Ideal para promocionar tu negocio con una [&hellip;]<\/p>\n","protected":false},"author":1,"featured_media":0,"parent":10,"menu_order":0,"comment_status":"closed","ping_status":"closed","template":"","meta":{"footnotes":""},"class_list":["post-718","page","type-page","status-publish","hentry"],"blocksy_meta":[],"_links":{"self":[{"href":"https:\/\/miradafinal.com\/en\/wp-json\/wp\/v2\/pages\/718","targetHints":{"allow":["GET"]}}],"collection":[{"href":"https:\/\/miradafinal.com\/en\/wp-json\/wp\/v2\/pages"}],"about":[{"href":"https:\/\/miradafinal.com\/en\/wp-json\/wp\/v2\/types\/page"}],"author":[{"embeddable":true,"href":"https:\/\/miradafinal.com\/en\/wp-json\/wp\/v2\/users\/1"}],"replies":[{"embeddable":true,"href":"https:\/\/miradafinal.com\/en\/wp-json\/wp\/v2\/comments?post=718"}],"version-history":[{"count":4,"href":"https:\/\/miradafinal.com\/en\/wp-json\/wp\/v2\/pages\/718\/revisions"}],"predecessor-version":[{"id":794,"href":"https:\/\/miradafinal.com\/en\/wp-json\/wp\/v2\/pages\/718\/revisions\/794"}],"up":[{"embeddable":true,"href":"https:\/\/miradafinal.com\/en\/wp-json\/wp\/v2\/pages\/10"}],"wp:attachment":[{"href":"https:\/\/miradafinal.com\/en\/wp-json\/wp\/v2\/media?parent=718"}],"curies":[{"name":"wp","href":"https:\/\/api.w.org\/{rel}","templated":true}]}}